{"id":19606,"date":"2019-08-30T02:57:54","date_gmt":"2019-08-30T00:57:54","guid":{"rendered":"https:\/\/neuromarketinginstitut.com\/eng\/?page_id=19606"},"modified":"2024-02-28T14:50:56","modified_gmt":"2024-02-28T13:50:56","slug":"governing-council","status":"publish","type":"page","link":"https:\/\/neuromarketinginstitut.com\/eng\/governing-council\/","title":{"rendered":"Governing council"},"content":{"rendered":"<section class=\"hcode-row-1\"><div class=\"wpb_column hcode-column-container text-center padding-two-tb vc_col-sm-12 col-xs-mobile-fullwidth\" data-front-class=\"text-center padding-two-tb col-xs-mobile-fullwidth\"><div class=\"vc-column-innner-wrapper\"><h3 class=\"section-title hcode-heading-1 black-text\">GOVERNING COUNCIL<\/h3><\/div><\/div><\/section><section class=\"hcode-row-2\"><div class=\"wpb_column hcode-column-container text-left vc_col-sm-12 col-xs-mobile-fullwidth\" data-front-class=\"text-left col-xs-mobile-fullwidth\"><div class=\"vc-column-innner-wrapper\"><div class=\"o-institutu hcode-text-1\"><p><span style=\"color: #000000;\">The Governing Council runs the Institute. It is composed of three members. The members of Governing Council are appointed for a term of four years.<br \/>\n<\/span><\/p>\n<p><span style=\"color: #000000;\">The Governing Council of the Institute:<\/span><\/p>\n<ul>\n<li><span style=\"color: #000000;\">adopts the annual work programme and the reports on the realization of the Institute\u2019s programmes;<\/span><\/li>\n<li><span style=\"color: #000000;\">supervises their implementation and adopts the reports on the operation of the Institute;<\/span><\/li>\n<li><span style=\"color: #000000;\">decides on the financial plan and annual account;<\/span><\/li>\n<li><span style=\"color: #000000;\">collects annual financial reports on the operation of the Institute;<\/span><\/li>\n<li><span style=\"color: #000000;\">proposes a change of activity to the Founder;<\/span><\/li>\n<li><span style=\"color: #000000;\">submits proposals and opinions on specific issues to the Founder, takes decisions and performs other tasks determined by law, the Instrument of Incorporation or the Articles of Association;<\/span><\/li>\n<li><span style=\"color: #000000;\">conducts a development, financial and general business policy of the Institute;<\/span><\/li>\n<li><span style=\"color: #000000;\">appoints and dismisses the Director;<\/span><\/li>\n<li><span style=\"color: #000000;\">adopts general acts of the Institute;<\/span><\/li>\n<li><span style=\"color: #000000;\">performs other tasks determined by law, the Instruments of Incorporation, the Articles of Association and other general acts of the Institute.<\/span><\/li>\n<li><span style=\"color: #000000;\">takes decisions that have not been subjected to the authority of other bodies by the Articles of Association.<\/span><\/li>\n<\/ul>\n<p>&nbsp;<\/p>\n<p><span style=\"color: #000000;\">Governing Council Chairman: M.Sc. Ilija Sola, C. E. <\/span><br \/>\n<span style=\"color: #000000;\">Governing Council Members are Prof. Dr. Ivan Matkovi\u0107 and Dr. Aljo\u0161a \u0160estanovi\u0107.<\/span><\/p>\n<\/div><\/div><\/div><\/section><section class=\"hcode-row-3 xs-no-padding\"><div class=\"container\"><div class=\"row\"><div class=\"wpb_column hcode-column-container  col-xs-mobile-fullwidth\" data-front-class=\"col-xs-mobile-fullwidth front-column-class\"><div class=\"vc-column-innner-wrapper\"><h3><strong>Dr. Aljo\u0161a \u0160estanovi\u0107<\/strong><\/h3>\n<div class=\"justify o-institutu\"><p><span style=\"color: #000000;\"><img loading=\"lazy\" decoding=\"async\" class=\"wp-image-21703 size-medium alignleft\" src=\"https:\/\/neuromarketinginstitut.com\/eng\/wp-content\/uploads\/2021\/06\/Aljosa-Sestanovic__-300x270.jpg\" alt=\"\" width=\"390\" height=\"351\" srcset=\"https:\/\/neuromarketinginstitut.com\/eng\/wp-content\/uploads\/2021\/06\/Aljosa-Sestanovic__-300x270.jpg 300w, https:\/\/neuromarketinginstitut.com\/eng\/wp-content\/uploads\/2021\/06\/Aljosa-Sestanovic__-768x691.jpg 768w, https:\/\/neuromarketinginstitut.com\/eng\/wp-content\/uploads\/2021\/06\/Aljosa-Sestanovic__-81x73.jpg 81w, https:\/\/neuromarketinginstitut.com\/eng\/wp-content\/uploads\/2021\/06\/Aljosa-Sestanovic__.jpg 800w\" sizes=\"auto, (max-width: 390px) 100vw, 390px\" \/>Aljo\u0161a \u0160estanovi\u0107 has been gained most of professional business experience mainly in the financial services industry, including corporate banking and management consultancy. For the past eight years, holding a rank of an Associate Professor, he has been teaching at a higher education institution, and have led courses in finance and accounting such as Corporate Finance, Financial Statements Analysis, Company Appraisal, Cost-benefit Analysis, Financial Accounting, Management Accounting. He has extensive experience in valuation of brands and trademarks. <\/span><\/p>\n<p><span style=\"color: #000000;\">His other credentials include the CFA Charter, Regular Membership with CFA Institute and an Investment Advisor and Broker License granted by the Croatian Financial Services Supervisory Agency. In 2014 he was appointed a Court Expert Witness on finance and accounting matters. <\/span><\/p>\n<p><span style=\"color: #000000;\"><span lang=\"EN-US\">He regularly holds workshops on financial analysis and company valuations, hold lectures on financial management for certified accountant candidates, and develop cost\/benefit analysis for companies. He also served as the editor of the Croatian translation of the textbook Fundamentals of Financial Management written by Van-Horne and Wachowicz. <\/span><\/p>\n<\/div><\/div><\/div><\/div><\/div><\/section><section class=\"padding-one-tb xs-padding-one\"><div class=\"wpb_column hcode-column-container text-center vc_col-sm-12 col-xs-mobile-fullwidth\" data-front-class=\"text-center col-xs-mobile-fullwidth\"><div class=\"vc-column-innner-wrapper\"><div class=\"no-padding\"><p><\/span><\/p>\n<p style=\"text-align: center;\"><a href=\"mailto:asestanovic@gmail.com\">asestanovic@gmail.com<\/a><\/p>\n<\/div><\/div><\/div><\/section><section class=\"hcode-row-4 no-padding\"><div class=\"container\"><div class=\"row\"><div class=\"wpb_column hcode-column-container  col-xs-mobile-fullwidth\" data-front-class=\"col-xs-mobile-fullwidth front-column-class\"><div class=\"vc-column-innner-wrapper\"><h3><strong>Prof. Dr. Ivan Matkovic<\/strong><\/h3>\n<div class=\"justify o-institutu\"><p><span style=\"color: #000000;\"><img loading=\"lazy\" decoding=\"async\" class=\" wp-image-21489 alignleft\" src=\"https:\/\/neuromarketinginstitut.com\/eng\/wp-content\/uploads\/2020\/02\/Slika-4-300x270.jpg\" alt=\"\" width=\"381\" height=\"343\" srcset=\"https:\/\/neuromarketinginstitut.com\/eng\/wp-content\/uploads\/2020\/02\/Slika-4-300x270.jpg 300w, https:\/\/neuromarketinginstitut.com\/eng\/wp-content\/uploads\/2020\/02\/Slika-4-768x691.jpg 768w, https:\/\/neuromarketinginstitut.com\/eng\/wp-content\/uploads\/2020\/02\/Slika-4-81x73.jpg 81w, https:\/\/neuromarketinginstitut.com\/eng\/wp-content\/uploads\/2020\/02\/Slika-4.jpg 800w\" sizes=\"auto, (max-width: 381px) 100vw, 381px\" \/>He has acquired a PhD in Economic Sciences in 2011. He has been elected a senior lecturer in the scientific-educational field (2013) for the scientific field of social sciences, within the scientific field of economics at the Dr. Milenko Brki\u0107 Faculty of Social Sciences at the Hercegovina University in Mostar, where he is a module-coordinator of several courses in the field of Management. <\/span><\/p>\n<p><span style=\"color: #000000;\">Pursuant to the Decision of the University Senate of the Hercegovina University in Mostar, he was elected an Associate Professor within the scientific and educational profession in March 2018. He has received his Master's degree in the area of engineering disciplines (2004) having defended his master's thesis at the Faculty of Transport and Traffic Sciences of the University in Zagreb.<\/span><\/p>\n<p><span style=\"color: #000000;\"> With his interdisciplinary education and activity in the area of social and engineering sciences he has over 30 years of professional business experience and has published a number of scientific and professional papers. He is an active member of the Croatian Economic Association (HDE),\u00a0 the Croatian Scientific Society for Traffic (HZDP) and the Croatian Association of Graduate Engineers at the Faculty of Traffic Sciences (AMAC-FSC) in Zagreb.<\/span><\/p>\n<p><span style=\"color: #000000;\"> He is currently at the position of the Dean of the Instruktor Polytechnic in Split, and a lecturer holding several courses at the Hercegovina University and a member of various committees for the defense of the undergraduate, graduate, and postgraduate theses at the University. At the Institute for Neuromarketing &amp; Intellectual Property, he holds the position of a Member of the Governing Council. He is fluent in English and knows the basics of German.<\/span><\/p>\n<\/div><\/div><\/div><\/div><\/div><\/section><section class=\"padding-one-tb\"><div class=\"wpb_column hcode-column-container text-center xs-no-padding vc_col-sm-12 col-xs-mobile-fullwidth\" data-front-class=\"text-center xs-no-padding col-xs-mobile-fullwidth\"><div class=\"vc-column-innner-wrapper\"><div class=\"no-padding\"><p style=\"text-align: center;\"><a href=\"mailto:imatkovic@neuromarketinginstitut.com\">imatkovic@neuromarketinginstitut.com<\/a><\/p>\n<\/div><\/div><\/div><\/section>","protected":false},"excerpt":{"rendered":"<p>GOVERNING COUNCILThe Governing Council runs the Institute. It is composed of three members. The members of Governing Council are appointed for a term of four years. The Governing Council of the Institute: adopts the annual work programme and the reports on the realization of the Institute\u2019s programmes; supervises their implementation and adopts the reports on [&hellip;]<\/p>\n","protected":false},"author":5,"featured_media":0,"parent":0,"menu_order":0,"comment_status":"closed","ping_status":"closed","template":"","meta":{"inline_featured_image":false,"footnotes":""},"class_list":["post-19606","page","type-page","status-publish","hentry"],"_links":{"self":[{"href":"https:\/\/neuromarketinginstitut.com\/eng\/wp-json\/wp\/v2\/pages\/19606","targetHints":{"allow":["GET"]}}],"collection":[{"href":"https:\/\/neuromarketinginstitut.com\/eng\/wp-json\/wp\/v2\/pages"}],"about":[{"href":"https:\/\/neuromarketinginstitut.com\/eng\/wp-json\/wp\/v2\/types\/page"}],"author":[{"embeddable":true,"href":"https:\/\/neuromarketinginstitut.com\/eng\/wp-json\/wp\/v2\/users\/5"}],"replies":[{"embeddable":true,"href":"https:\/\/neuromarketinginstitut.com\/eng\/wp-json\/wp\/v2\/comments?post=19606"}],"version-history":[{"count":2,"href":"https:\/\/neuromarketinginstitut.com\/eng\/wp-json\/wp\/v2\/pages\/19606\/revisions"}],"predecessor-version":[{"id":22627,"href":"https:\/\/neuromarketinginstitut.com\/eng\/wp-json\/wp\/v2\/pages\/19606\/revisions\/22627"}],"wp:attachment":[{"href":"https:\/\/neuromarketinginstitut.com\/eng\/wp-json\/wp\/v2\/media?parent=19606"}],"curies":[{"name":"wp","href":"https:\/\/api.w.org\/{rel}","templated":true}]}}